{"id":315,"date":"2016-11-30T20:30:38","date_gmt":"2016-11-30T18:30:38","guid":{"rendered":"http:\/\/paksanatural.com\/?page_id=315"},"modified":"2025-05-14T18:24:46","modified_gmt":"2025-05-14T15:24:46","slug":"iletisim","status":"publish","type":"page","link":"https:\/\/paksanatural.com\/en\/iletisim\/","title":{"rendered":"\u0130leti\u015fim"},"content":{"rendered":"<div id=\"pl-315\"  class=\"panel-layout\" ><div id=\"pg-315-0\"  class=\"panel-grid panel-no-style\" ><div id=\"pgc-315-0-0\"  class=\"panel-grid-cell\" ><div id=\"panel-315-0-0-0\" class=\"so-panel widget widget_siteorigin-panels-builder panel-first-child panel-last-child\" data-index=\"0\" ><div id=\"pl-w6824b5be21160\"  class=\"panel-layout\" ><div id=\"pg-w6824b5be21160-0\"  class=\"panel-grid panel-no-style\" ><div id=\"pgc-w6824b5be21160-0-0\"  class=\"panel-grid-cell\" ><div id=\"panel-w6824b5be21160-0-0-0\" class=\"so-panel widget widget_text panel-first-child panel-last-child\" data-index=\"0\" >\t\t\t<div class=\"textwidget\">\n<div class=\"wpcf7 no-js\" id=\"wpcf7-f31-o1\" lang=\"tr-TR\" dir=\"ltr\" data-wpcf7-id=\"31\">\n<div class=\"screen-reader-response\"><p role=\"status\" aria-live=\"polite\" aria-atomic=\"true\"><\/p> <ul><\/ul><\/div>\n<form action=\"\/en\/wp-json\/wp\/v2\/pages\/315#wpcf7-f31-o1\" method=\"post\" class=\"wpcf7-form init\" aria-label=\"\u0130leti\u015fim Formu\" novalidate=\"novalidate\" data-status=\"init\">\n<fieldset class=\"hidden-fields-container\"><input type=\"hidden\" name=\"_wpcf7\" value=\"31\" \/><input type=\"hidden\" name=\"_wpcf7_version\" value=\"6.1.5\" \/><input type=\"hidden\" name=\"_wpcf7_locale\" value=\"tr_TR\" \/><input type=\"hidden\" name=\"_wpcf7_unit_tag\" value=\"wpcf7-f31-o1\" \/><input type=\"hidden\" name=\"_wpcf7_container_post\" value=\"0\" \/><input type=\"hidden\" name=\"_wpcf7_posted_data_hash\" value=\"\" \/>\n<\/fieldset>\n<p>Ad\u0131n\u0131z (gerekli)\n<\/p>\n<p><span class=\"wpcf7-form-control-wrap\" data-name=\"your-name\"><input size=\"40\" maxlength=\"400\" class=\"wpcf7-form-control wpcf7-text wpcf7-validates-as-required\" aria-required=\"true\" aria-invalid=\"false\" value=\"\" type=\"text\" name=\"your-name\" \/><\/span>\n<\/p>\n<p>Epostan\u0131z (gerekli)\n<\/p>\n<p><span class=\"wpcf7-form-control-wrap\" data-name=\"your-email\"><input size=\"40\" maxlength=\"400\" class=\"wpcf7-form-control wpcf7-email wpcf7-validates-as-required wpcf7-text wpcf7-validates-as-email\" aria-required=\"true\" aria-invalid=\"false\" value=\"\" type=\"email\" name=\"your-email\" \/><\/span>\n<\/p>\n<p>Konu\n<\/p>\n<p><span class=\"wpcf7-form-control-wrap\" data-name=\"your-subject\"><input size=\"40\" maxlength=\"400\" class=\"wpcf7-form-control wpcf7-text\" aria-invalid=\"false\" value=\"\" type=\"text\" name=\"your-subject\" \/><\/span>\n<\/p>\n<p>\u0130letiniz\n<\/p>\n<p><span class=\"wpcf7-form-control-wrap\" data-name=\"your-message\"><textarea cols=\"40\" rows=\"10\" maxlength=\"2000\" class=\"wpcf7-form-control wpcf7-textarea\" aria-invalid=\"false\" name=\"your-message\"><\/textarea><\/span>\n<\/p>\n<p><input class=\"wpcf7-form-control wpcf7-submit has-spinner\" type=\"submit\" value=\"G\u00f6nder\" \/>\n<\/p><div class=\"wpcf7-response-output\" aria-hidden=\"true\"><\/div>\n<\/form>\n<\/div>\n\n<\/div>\n\t\t<\/div><\/div><div id=\"pgc-w6824b5be21160-0-1\"  class=\"panel-grid-cell\" ><div id=\"panel-w6824b5be21160-0-1-0\" class=\"so-panel widget widget_text panel-first-child\" data-index=\"1\" ><h3 class=\"widget-title\">Adresimiz<\/h3>\t\t\t<div class=\"textwidget\"><p>Kotem Kozmetik<br \/>\nDeliklikaya Mahallesi Canyolu Caddesi No:23\/M, 34555 Arnavutk\u00f6y\/\u0130stanbul<br \/>\nTel: +90 212 423 61 39<br \/>\nWhatsApp: +90 544 369 81 72<br \/>\nEposta: kotemkozmetik@hotmail.com<\/p>\n<\/div>\n\t\t<\/div><div id=\"panel-w6824b5be21160-0-1-1\" class=\"so-panel widget widget_sow-google-map panel-last-child\" data-index=\"2\" ><div\n\t\t\t\n\t\t\tclass=\"so-widget-sow-google-map so-widget-sow-google-map-default-05ebfd8f3122\"\n\t\t\t\n\t\t>\n<div class=\"sow-google-map-canvas\"\n\tstyle=\"\"\n\tid=\"map-canvas-54fb0b8e9586f30c234112e2c854fd5d\"\n\tdata-options=\"{&quot;address&quot;:&quot;Fatih Sanayi Sitesi&quot;,&quot;zoom&quot;:12,&quot;mobileZoom&quot;:12,&quot;gestureHandling&quot;:&quot;greedy&quot;,&quot;disableUi&quot;:false,&quot;markerIcon&quot;:false,&quot;markersDraggable&quot;:false,&quot;markerAtCenter&quot;:true,&quot;markerInfoDisplay&quot;:&quot;click&quot;,&quot;markerInfoMultiple&quot;:true,&quot;markerPositions&quot;:false,&quot;mapName&quot;:false,&quot;mapStyles&quot;:false,&quot;directions&quot;:&quot;&quot;,&quot;apiKey&quot;:&quot;&quot;,&quot;breakpoint&quot;:&quot;780&quot;,&quot;id&quot;:&quot;69e1db&quot;}\"\n\tdata-fallback-image=\"{&quot;img&quot;:&quot;&quot;}\"><\/div>\n<\/div><\/div><\/div><\/div><\/div><\/div><\/div><\/div><\/div>","protected":false},"excerpt":{"rendered":"<p>Ad\u0131n\u0131z (gerekli) Epostan\u0131z (gerekli) Konu \u0130letiniz Adresimiz Kotem Kozmetik Deliklikaya Mahallesi Canyolu Caddesi No:23\/M, 34555 Arnavutk\u00f6y\/\u0130stanbul Tel: +90 212 423 61 39 WhatsApp: +90 544 369 81 72 Eposta: kotemkozmetik@hotmail.com<\/p>\n","protected":false},"author":1,"featured_media":0,"parent":0,"menu_order":0,"comment_status":"closed","ping_status":"closed","template":"","meta":{"footnotes":""},"class_list":["post-315","page","type-page","status-publish","hentry"],"translation":{"provider":"WPGlobus","version":"3.0.2","language":"en","enabled_languages":["tr","en","ar","ru","de","fr"],"languages":{"tr":{"title":true,"content":true,"excerpt":false},"en":{"title":false,"content":false,"excerpt":false},"ar":{"title":false,"content":false,"excerpt":false},"ru":{"title":false,"content":false,"excerpt":false},"de":{"title":false,"content":false,"excerpt":false},"fr":{"title":false,"content":false,"excerpt":false}}},"_links":{"self":[{"href":"https:\/\/paksanatural.com\/en\/wp-json\/wp\/v2\/pages\/315","targetHints":{"allow":["GET"]}}],"collection":[{"href":"https:\/\/paksanatural.com\/en\/wp-json\/wp\/v2\/pages"}],"about":[{"href":"https:\/\/paksanatural.com\/en\/wp-json\/wp\/v2\/types\/page"}],"author":[{"embeddable":true,"href":"https:\/\/paksanatural.com\/en\/wp-json\/wp\/v2\/users\/1"}],"replies":[{"embeddable":true,"href":"https:\/\/paksanatural.com\/en\/wp-json\/wp\/v2\/comments?post=315"}],"version-history":[{"count":39,"href":"https:\/\/paksanatural.com\/en\/wp-json\/wp\/v2\/pages\/315\/revisions"}],"predecessor-version":[{"id":3567,"href":"https:\/\/paksanatural.com\/en\/wp-json\/wp\/v2\/pages\/315\/revisions\/3567"}],"wp:attachment":[{"href":"https:\/\/paksanatural.com\/en\/wp-json\/wp\/v2\/media?parent=315"}],"curies":[{"name":"wp","href":"https:\/\/api.w.org\/{rel}","templated":true}]}}