{"id":2,"date":"2015-11-27T22:46:27","date_gmt":"2015-11-27T20:46:27","guid":{"rendered":"http:\/\/paksanatural.com\/?page_id=2"},"modified":"2018-01-16T08:13:19","modified_gmt":"2018-01-16T06:13:19","slug":"hakkimizda","status":"publish","type":"page","link":"https:\/\/paksanatural.com\/de\/hakkimizda\/","title":{"rendered":"Hakk\u0131m\u0131zda"},"content":{"rendered":"<div class=\"n2-td n2-first\">\n<p>Faaliyetlerine 1998 y\u0131l\u0131nda ba\u015flayan Kotem Temizlik Ve Kozmetik Teks. San.Tic. Ltd. \u015eti. \u00a0ana ilkesi, \u00fcretti\u011fi temizlik \u00fcr\u00fcnlerinin y\u00fcksek kaliteyle t\u00fcketiciye ula\u015ft\u0131r\u0131lmas\u0131d\u0131r.<\/p>\n<p>2008 y\u0131l\u0131na kadar Dalin Bebek Sabunu fason \u00fcretimini yapan firmam\u0131z, bu tarihten sonra geli\u015fen pazar ve ihtiya\u00e7lar do\u011frultusunda do\u011fal sabun \u00fcretimine ge\u00e7mi\u015ftir.<\/p>\n<p>Do\u011fal sabun \u00fcretiminin \u00f6nc\u00fclerinden olan Kotem Kozmetik 2013 y\u0131l\u0131ndan bu yana do\u011fall\u0131k ve kaliteyi bir araya getirdi\u011fi PAKSA markal\u0131 \u00fcr\u00fcnlerini t\u00fcketicinin be\u011fenisine sunmaktad\u0131r.<\/p>\n<\/div>\n<blockquote>\n<p>V\u0130ZYONUMUZ<\/p>\n<p>Do\u011fal sabun ve kozmetik alan\u0131nda en g\u00fcvenilir \u00fcretici olmak.<\/p>\n<\/blockquote>\n<blockquote>\n<p>M\u0130SYONUMUZ<\/p>\n<p>Do\u011fal sabun ve kozmetikler \u00fcreterek t\u00fcketiciye g\u00fcvenilir ve do\u011fal cilt bak\u0131m\u0131 f\u0131rsat\u0131 sunmak.<\/p>\n<\/blockquote>\n<blockquote>\n<p>DE\u011eERLER\u0130M\u0130Z<\/p>\n<p>\u2022 \u0130\u015fimizi en do\u011fru \u015fekilde, hakk\u0131yla ve g\u00f6n\u00fclden sahiplenerek yapar\u0131z.<br \/>\n\u2022 Net s\u00f6zler verir, verdi\u011fimiz s\u00f6zleri mutlaka yerine getiririz, sonu\u00e7lar\u0131n\u0131 bildiririz.<br \/>\n\u2022 Kendimizi ve \u00e7al\u0131\u015fma arkada\u015flar\u0131m\u0131z\u0131 devaml\u0131 geli\u015ftiririz.<br \/>\n\u2022 T\u00fcm ili\u015fkilerimizde d\u00fcr\u00fcst, \u015feffaf ve tutarl\u0131 davran\u0131r, bu sayede g\u00fcvene dayal\u0131 uzun vadeli ili\u015fkiler kurar\u0131z.<\/p>\n<\/blockquote>\n","protected":false},"excerpt":{"rendered":"<p>Faaliyetlerine 1998 y\u0131l\u0131nda ba\u015flayan Kotem Temizlik Ve Kozmetik Teks. San.Tic. Ltd. \u015eti. \u00a0ana ilkesi, \u00fcretti\u011fi temizlik \u00fcr\u00fcnlerinin y\u00fcksek kaliteyle t\u00fcketiciye ula\u015ft\u0131r\u0131lmas\u0131d\u0131r. 2008 y\u0131l\u0131na kadar Dalin Bebek Sabunu fason \u00fcretimini yapan firmam\u0131z, bu tarihten sonra geli\u015fen pazar ve ihtiya\u00e7lar do\u011frultusunda do\u011fal<\/p>\n","protected":false},"author":1,"featured_media":0,"parent":0,"menu_order":0,"comment_status":"closed","ping_status":"open","template":"","meta":{"footnotes":""},"class_list":["post-2","page","type-page","status-publish","hentry"],"translation":{"provider":"WPGlobus","version":"3.0.2","language":"de","enabled_languages":["tr","en","ar","ru","de","fr"],"languages":{"tr":{"title":true,"content":true,"excerpt":false},"en":{"title":true,"content":true,"excerpt":false},"ar":{"title":false,"content":false,"excerpt":false},"ru":{"title":false,"content":false,"excerpt":false},"de":{"title":false,"content":false,"excerpt":false},"fr":{"title":false,"content":false,"excerpt":false}}},"_links":{"self":[{"href":"https:\/\/paksanatural.com\/de\/wp-json\/wp\/v2\/pages\/2","targetHints":{"allow":["GET"]}}],"collection":[{"href":"https:\/\/paksanatural.com\/de\/wp-json\/wp\/v2\/pages"}],"about":[{"href":"https:\/\/paksanatural.com\/de\/wp-json\/wp\/v2\/types\/page"}],"author":[{"embeddable":true,"href":"https:\/\/paksanatural.com\/de\/wp-json\/wp\/v2\/users\/1"}],"replies":[{"embeddable":true,"href":"https:\/\/paksanatural.com\/de\/wp-json\/wp\/v2\/comments?post=2"}],"version-history":[{"count":13,"href":"https:\/\/paksanatural.com\/de\/wp-json\/wp\/v2\/pages\/2\/revisions"}],"predecessor-version":[{"id":252,"href":"https:\/\/paksanatural.com\/de\/wp-json\/wp\/v2\/pages\/2\/revisions\/252"}],"wp:attachment":[{"href":"https:\/\/paksanatural.com\/de\/wp-json\/wp\/v2\/media?parent=2"}],"curies":[{"name":"wp","href":"https:\/\/api.w.org\/{rel}","templated":true}]}}